{"id":416,"date":"2017-10-27T17:09:49","date_gmt":"2017-10-27T15:09:49","guid":{"rendered":"https:\/\/mantelzorgzaken.nl\/wordpress\/?page_id=416"},"modified":"2024-02-05T13:28:47","modified_gmt":"2024-02-05T12:28:47","slug":"contact-mantelzorgzaken","status":"publish","type":"page","link":"https:\/\/mantelzorgzaken.nl\/?page_id=416","title":{"rendered":"Contact"},"content":{"rendered":"\n<section class=\"sh-section sh-section-3c9ba3c545c234afdffdc3129f16dd0e fw-main-row sh-section-visibility-everywhere\" id=\"contacts\">\n\t\n\t\t\t<script type=\"text\/javascript\">\n\t\t\tjQuery(document).ready(function($) {\n\t\t\t\t\n\t\t\t\t\tif( $(window).width() >= 800 ) {\n\t\t\t\t\t\t$('.sh-section-3c9ba3c545c234afdffdc3129f16dd0e').jarallax({\n\t\t\t\t\t\t\tspeed: 0.2\t\t\t\t\t\t});\n\t\t\t\t\t}\n\n\t\t\t\t\t\t\t\t\t\t\t});\n\t\t<\/script>\n\t\n\t<div class=\"sh-section-container container\">\n\t\t<div class=\"fw-row\">\n\t\n<div class=\"sh-column sh-column-d2a2c6def7762877bc1c9e76d8e487c5 fw-col-xs-12 fw-col-sm-2\" >\n\n\t\n\t<div class=\"sh-column-wrapper\">\n\t\t\t<\/div>\n<\/div>\n\n<div class=\"sh-column sh-column-00242c843da5a834a5dc242a67da74b1 fw-col-xs-12 fw-col-sm-4\" >\n\n\t\n\t<div class=\"sh-column-wrapper\">\n\t\t\n<div id=\"text-block-f9b83219afe2993c37159cab9f592a7d\" class=\"sh-text-block\">\n\t<p>Chantal Hoevers Prins, erkend mantelzorgmakelaar en gevestigd in Sneek.<br \/>Actieve werkgebied: Friesland, Sneek, gemeenten S\u00fbdwest-Frysl\u00e2n, de Fryske Marren, Heerenveen, Leeuwarden, Noard East Frysl\u00e2n, Waadhoeke, Weststellingwerf, Ooststellingwerf &amp; Opsterland<\/p><p>telefoon: 06 50 814 366<\/p><p>e-mail: info@mantelzorgzaken.nl<\/p><\/div>\n<div id=\"button-98d52c6692f7f1d23d6993458d3efc88\" class=\"sh-button-container sh-button-style-1\">\n\t<a href=\"tel:+31650814366\" target=\"_self\" class=\"sh-button sh-button-large sh-button-icon-left\">\n\n\t\t\t\t\t<span class=\"sh-button-icon\">\n\t\t\t\t<i class=\"fa fa-phone\"><\/i>\n\t\t\t<\/span>\n\t\t\n\t\t\t\t\t<span class=\"sh-button-text\">\n\t\t\t\t06 50 814 366\t\t\t<\/span>\n\t\t\n\t\t\n\t<\/a>\n\t<\/div>\n<div class=\"sh-empty-space\" id=\"empty-space-2671a1d33725698a7e9f190f3e5adf5e\"><\/div>\n<div class=\"sh-heading\" id=\"heading-f92d2457aaa2c2acb13d8fb020b0e20c\">\n\t<h4 class=\"sh-heading-content size-default text-center\">\n\t\tMantelzorgzaken is aangesloten bij:\t<\/h4>\n<\/div>\n<div id=\"single-image-6ab922718974b481e768e273d199b7de\" class=\"sh-single-image\">\n\t\n\t<div class=\"sh-single-image-container\">\n\n\t\t\t\t\t\t\t\t\t<a href=\"https:\/\/www.bmzm.nl\/\">\n\t\t\t\t\t<img decoding=\"async\" class=\"sh-image-url\" src=\"https:\/\/mantelzorgzaken.nl\/wp-content\/uploads\/2017\/10\/bmzm-logo.png\" alt=\"bmzm logo\" \/>\n\t\t\t\t<\/a>\n\t\t\t\t\t\n\t\t\t<\/div>\n\n<\/div>\n\n<div id=\"text-block-8ca876756774250a94e07cf1e6bb65a0\" class=\"sh-text-block\">\n\t<p style=\"text-align: center;\">Beroepsverening van Mantelzorgmakelaars<\/p><\/div>\n<div class=\"sh-empty-space\" id=\"empty-space-a1fa6ebafba2b465845842fbca4a5d21\"><\/div>\n<div id=\"single-image-2b2ac7865f140c87b5bba4177a0e72d8\" class=\"sh-single-image\">\n\t\n\t<div class=\"sh-single-image-container\">\n\n\t\t\t\t\t\t\t\t\t<a href=\"http:\/\/www.bcmb.nl\/\">\n\t\t\t\t\t<img decoding=\"async\" class=\"sh-image-url\" src=\"https:\/\/mantelzorgzaken.nl\/wp-content\/uploads\/2017\/10\/bcmb-logo.png\" alt=\"bcmb logo\" \/>\n\t\t\t\t<\/a>\n\t\t\t\t\t\n\t\t\t<\/div>\n\n<\/div>\n\n<div id=\"text-block-677b9ca1d2192d54fa4aad03aec1aa3a\" class=\"sh-text-block\">\n\t<p style=\"text-align: center;\">Beroepsvereniging van Cli\u00ebntondersteuners voor Mensen met een Beperking<\/p><\/div>\t<\/div>\n<\/div>\n\n<div class=\"sh-column sh-column-064bbc23175966e3ac8253b829bfeb50 fw-col-xs-12 fw-col-sm-4\" >\n\n\t\n\t<div class=\"sh-column-wrapper\">\n\t\t\n<div class=\"sh-heading\" id=\"heading-cbbb41b6142f8b2d41d1623be1ca3904\">\n\t<h3 class=\"sh-heading-content size-default text-left\">\n\t\tContactformulier\t<\/h3>\n<\/div>\n<div id=\"text-block-08f9f4836b778dc34745981dca76bffb\" class=\"sh-text-block\">\n\t<p>\n<div class=\"wpcf7 no-js\" id=\"wpcf7-f514-o1\" lang=\"nl-NL\" dir=\"ltr\" data-wpcf7-id=\"514\">\n<div class=\"screen-reader-response\"><p role=\"status\" aria-live=\"polite\" aria-atomic=\"true\"><\/p> <ul><\/ul><\/div>\n<form action=\"\/index.php?rest_route=%2Fwp%2Fv2%2Fpages%2F416#wpcf7-f514-o1\" method=\"post\" class=\"wpcf7-form init\" aria-label=\"Contactformulier\" novalidate=\"novalidate\" data-status=\"init\">\n<fieldset class=\"hidden-fields-container\"><input type=\"hidden\" name=\"_wpcf7\" value=\"514\" \/><input type=\"hidden\" name=\"_wpcf7_version\" value=\"6.1.5\" \/><input type=\"hidden\" name=\"_wpcf7_locale\" value=\"nl_NL\" \/><input type=\"hidden\" name=\"_wpcf7_unit_tag\" value=\"wpcf7-f514-o1\" \/><input type=\"hidden\" name=\"_wpcf7_container_post\" value=\"0\" \/><input type=\"hidden\" name=\"_wpcf7_posted_data_hash\" value=\"\" \/><input type=\"hidden\" name=\"_wpcf7_recaptcha_response\" value=\"\" \/>\n<\/fieldset>\n<p><label> Je naam (verplicht) *<br \/>\n<span class=\"wpcf7-form-control-wrap\" data-name=\"your-name\"><input size=\"40\" maxlength=\"400\" class=\"wpcf7-form-control wpcf7-text wpcf7-validates-as-required\" aria-required=\"true\" aria-invalid=\"false\" value=\"\" type=\"text\" name=\"your-name\" \/><\/span> <\/label>\n<\/p>\n<p><label> Je e-mail (verplicht)<br \/>\n<span class=\"wpcf7-form-control-wrap\" data-name=\"your-email\"><input size=\"40\" maxlength=\"400\" class=\"wpcf7-form-control wpcf7-email wpcf7-validates-as-required wpcf7-text wpcf7-validates-as-email\" aria-required=\"true\" aria-invalid=\"false\" value=\"\" type=\"email\" name=\"your-email\" \/><\/span> <\/label>\n<\/p>\n<p><label> Je telefoonnummer<br \/>\n<span class=\"wpcf7-form-control-wrap\" data-name=\"telefoon\"><input size=\"40\" maxlength=\"400\" class=\"wpcf7-form-control wpcf7-tel wpcf7-text wpcf7-validates-as-tel\" aria-invalid=\"false\" value=\"\" type=\"tel\" name=\"telefoon\" \/><\/span> <\/label>\n<\/p>\n<p><label> Onderwerp<br \/>\n<span class=\"wpcf7-form-control-wrap\" data-name=\"your-subject\"><input size=\"40\" maxlength=\"400\" class=\"wpcf7-form-control wpcf7-text\" aria-invalid=\"false\" value=\"\" type=\"text\" name=\"your-subject\" \/><\/span> <\/label>\n<\/p>\n<p><label> Je bericht<br \/>\n<span class=\"wpcf7-form-control-wrap\" data-name=\"your-message\"><textarea cols=\"40\" rows=\"10\" maxlength=\"2000\" class=\"wpcf7-form-control wpcf7-textarea\" aria-invalid=\"false\" name=\"your-message\"><\/textarea><\/span> <\/label>\n<\/p>\n<p><input class=\"wpcf7-form-control wpcf7-submit has-spinner\" type=\"submit\" value=\"Verzenden\" \/>\n<\/p><div class=\"wpcf7-response-output\" aria-hidden=\"true\"><\/div>\n<\/form>\n<\/div>\n<\/p><\/div>\t<\/div>\n<\/div>\n\n<div class=\"sh-column sh-column-e77f9be8dcd90a61c677a4dca10ca9f6 fw-col-xs-12 fw-col-sm-2\" >\n\n\t\n\t<div class=\"sh-column-wrapper\">\n\t\t\t<\/div>\n<\/div>\n<\/div>\n\n\t<\/div>\n<\/section>\n\n","protected":false},"excerpt":{"rendered":"<p>Chantal Hoevers Prins, erkend mantelzorgmakelaar en gevestigd in Sneek.Actieve werkgebied: Friesland, Sneek, gemeenten S\u00fbdwest-Frysl\u00e2n, de Fryske Marren, Heerenveen, Leeuwarden, Noard East Frysl\u00e2n, Waadhoeke, Weststellingwerf, Ooststellingwerf &amp; Opsterlandtelefoon: 06 50 814 366e-mail: info@mantelzorgzaken.nl 06 50 814 366 Mantelzorgzaken is aangesloten bij: Beroepsverening van Mantelzorgmakelaars Beroepsvereniging van&#8230;<\/p>\n","protected":false},"author":3,"featured_media":0,"parent":0,"menu_order":0,"comment_status":"closed","ping_status":"closed","template":"","meta":{"_monsterinsights_skip_tracking":false,"_monsterinsights_sitenote_active":false,"_monsterinsights_sitenote_note":"","_monsterinsights_sitenote_category":0,"footnotes":""},"class_list":["post-416","page","type-page","status-publish","hentry"],"yoast_head":"<!-- This site is optimized with the Yoast SEO plugin v27.4 - https:\/\/yoast.com\/product\/yoast-seo-wordpress\/ -->\n<title>Contact Mantelzorgzaken - Voor antwoord op al je Mantelzorgvragen<\/title>\n<meta name=\"description\" content=\"Mantelzorgzaken is gevestigd in Sneek. Tel. 0515 700 267 e: info@mantelzorgzaken.nl Voor |Mantelzorgers | Gemeenten| Werkgevers | Zorgprofessionals |\" \/>\n<meta name=\"robots\" content=\"index, follow, max-snippet:-1, max-image-preview:large, max-video-preview:-1\" \/>\n<link rel=\"canonical\" href=\"https:\/\/mantelzorgzaken.nl\/?page_id=416\" \/>\n<meta property=\"og:locale\" content=\"nl_NL\" \/>\n<meta property=\"og:type\" content=\"article\" \/>\n<meta property=\"og:title\" content=\"Contact Mantelzorgzaken - Voor antwoord op al je Mantelzorgvragen\" \/>\n<meta property=\"og:description\" content=\"Mantelzorgzaken is gevestigd in Sneek. Tel. 0515 700 267 e: info@mantelzorgzaken.nl Voor |Mantelzorgers | Gemeenten| Werkgevers | Zorgprofessionals |\" \/>\n<meta property=\"og:url\" content=\"https:\/\/mantelzorgzaken.nl\/?page_id=416\" \/>\n<meta property=\"og:site_name\" content=\"Mantelzorgzaken\" \/>\n<meta property=\"article:modified_time\" content=\"2024-02-05T12:28:47+00:00\" \/>\n<meta property=\"og:image\" content=\"https:\/\/mantelzorgzaken.nl\/wordpress\/wp-content\/uploads\/2017\/10\/bmzm-logo.png\" \/>\n<meta name=\"twitter:card\" content=\"summary_large_image\" \/>\n<script type=\"application\/ld+json\" class=\"yoast-schema-graph\">{\"@context\":\"https:\\\/\\\/schema.org\",\"@graph\":[{\"@type\":\"WebPage\",\"@id\":\"https:\\\/\\\/mantelzorgzaken.nl\\\/?page_id=416\",\"url\":\"https:\\\/\\\/mantelzorgzaken.nl\\\/?page_id=416\",\"name\":\"Contact Mantelzorgzaken - Voor antwoord op al je Mantelzorgvragen\",\"isPartOf\":{\"@id\":\"https:\\\/\\\/mantelzorgzaken.nl\\\/#website\"},\"primaryImageOfPage\":{\"@id\":\"https:\\\/\\\/mantelzorgzaken.nl\\\/?page_id=416#primaryimage\"},\"image\":{\"@id\":\"https:\\\/\\\/mantelzorgzaken.nl\\\/?page_id=416#primaryimage\"},\"thumbnailUrl\":\"https:\\\/\\\/mantelzorgzaken.nl\\\/wordpress\\\/wp-content\\\/uploads\\\/2017\\\/10\\\/bmzm-logo.png\",\"datePublished\":\"2017-10-27T15:09:49+00:00\",\"dateModified\":\"2024-02-05T12:28:47+00:00\",\"description\":\"Mantelzorgzaken is gevestigd in Sneek. Tel. 0515 700 267 e: info@mantelzorgzaken.nl Voor |Mantelzorgers | Gemeenten| Werkgevers | Zorgprofessionals |\",\"breadcrumb\":{\"@id\":\"https:\\\/\\\/mantelzorgzaken.nl\\\/?page_id=416#breadcrumb\"},\"inLanguage\":\"nl-NL\",\"potentialAction\":[{\"@type\":\"ReadAction\",\"target\":[\"https:\\\/\\\/mantelzorgzaken.nl\\\/?page_id=416\"]}]},{\"@type\":\"ImageObject\",\"inLanguage\":\"nl-NL\",\"@id\":\"https:\\\/\\\/mantelzorgzaken.nl\\\/?page_id=416#primaryimage\",\"url\":\"https:\\\/\\\/mantelzorgzaken.nl\\\/wordpress\\\/wp-content\\\/uploads\\\/2017\\\/10\\\/bmzm-logo.png\",\"contentUrl\":\"https:\\\/\\\/mantelzorgzaken.nl\\\/wordpress\\\/wp-content\\\/uploads\\\/2017\\\/10\\\/bmzm-logo.png\"},{\"@type\":\"BreadcrumbList\",\"@id\":\"https:\\\/\\\/mantelzorgzaken.nl\\\/?page_id=416#breadcrumb\",\"itemListElement\":[{\"@type\":\"ListItem\",\"position\":1,\"name\":\"Home\",\"item\":\"https:\\\/\\\/mantelzorgzaken.nl\\\/\"},{\"@type\":\"ListItem\",\"position\":2,\"name\":\"Contact\"}]},{\"@type\":\"WebSite\",\"@id\":\"https:\\\/\\\/mantelzorgzaken.nl\\\/#website\",\"url\":\"https:\\\/\\\/mantelzorgzaken.nl\\\/\",\"name\":\"Mantelzorgzaken\",\"description\":\"Mantelzorg zaken informeert en ontlast de mantelzorger om goede zorg in te regelen, door regeltaken tijdelijk over te nemen om zo overbelasting te voorkomen. #pgb-specialist #mantelzorgmakelaar #onafhankelijk cli\u00ebntondersteuner\",\"potentialAction\":[{\"@type\":\"SearchAction\",\"target\":{\"@type\":\"EntryPoint\",\"urlTemplate\":\"https:\\\/\\\/mantelzorgzaken.nl\\\/?s={search_term_string}\"},\"query-input\":{\"@type\":\"PropertyValueSpecification\",\"valueRequired\":true,\"valueName\":\"search_term_string\"}}],\"inLanguage\":\"nl-NL\"}]}<\/script>\n<!-- \/ Yoast SEO plugin. -->","yoast_head_json":{"title":"Contact Mantelzorgzaken - Voor antwoord op al je Mantelzorgvragen","description":"Mantelzorgzaken is gevestigd in Sneek. Tel. 0515 700 267 e: info@mantelzorgzaken.nl Voor |Mantelzorgers | Gemeenten| Werkgevers | Zorgprofessionals |","robots":{"index":"index","follow":"follow","max-snippet":"max-snippet:-1","max-image-preview":"max-image-preview:large","max-video-preview":"max-video-preview:-1"},"canonical":"https:\/\/mantelzorgzaken.nl\/?page_id=416","og_locale":"nl_NL","og_type":"article","og_title":"Contact Mantelzorgzaken - Voor antwoord op al je Mantelzorgvragen","og_description":"Mantelzorgzaken is gevestigd in Sneek. Tel. 0515 700 267 e: info@mantelzorgzaken.nl Voor |Mantelzorgers | Gemeenten| Werkgevers | Zorgprofessionals |","og_url":"https:\/\/mantelzorgzaken.nl\/?page_id=416","og_site_name":"Mantelzorgzaken","article_modified_time":"2024-02-05T12:28:47+00:00","og_image":[{"url":"https:\/\/mantelzorgzaken.nl\/wordpress\/wp-content\/uploads\/2017\/10\/bmzm-logo.png","type":"","width":"","height":""}],"twitter_card":"summary_large_image","schema":{"@context":"https:\/\/schema.org","@graph":[{"@type":"WebPage","@id":"https:\/\/mantelzorgzaken.nl\/?page_id=416","url":"https:\/\/mantelzorgzaken.nl\/?page_id=416","name":"Contact Mantelzorgzaken - Voor antwoord op al je Mantelzorgvragen","isPartOf":{"@id":"https:\/\/mantelzorgzaken.nl\/#website"},"primaryImageOfPage":{"@id":"https:\/\/mantelzorgzaken.nl\/?page_id=416#primaryimage"},"image":{"@id":"https:\/\/mantelzorgzaken.nl\/?page_id=416#primaryimage"},"thumbnailUrl":"https:\/\/mantelzorgzaken.nl\/wordpress\/wp-content\/uploads\/2017\/10\/bmzm-logo.png","datePublished":"2017-10-27T15:09:49+00:00","dateModified":"2024-02-05T12:28:47+00:00","description":"Mantelzorgzaken is gevestigd in Sneek. Tel. 0515 700 267 e: info@mantelzorgzaken.nl Voor |Mantelzorgers | Gemeenten| Werkgevers | Zorgprofessionals |","breadcrumb":{"@id":"https:\/\/mantelzorgzaken.nl\/?page_id=416#breadcrumb"},"inLanguage":"nl-NL","potentialAction":[{"@type":"ReadAction","target":["https:\/\/mantelzorgzaken.nl\/?page_id=416"]}]},{"@type":"ImageObject","inLanguage":"nl-NL","@id":"https:\/\/mantelzorgzaken.nl\/?page_id=416#primaryimage","url":"https:\/\/mantelzorgzaken.nl\/wordpress\/wp-content\/uploads\/2017\/10\/bmzm-logo.png","contentUrl":"https:\/\/mantelzorgzaken.nl\/wordpress\/wp-content\/uploads\/2017\/10\/bmzm-logo.png"},{"@type":"BreadcrumbList","@id":"https:\/\/mantelzorgzaken.nl\/?page_id=416#breadcrumb","itemListElement":[{"@type":"ListItem","position":1,"name":"Home","item":"https:\/\/mantelzorgzaken.nl\/"},{"@type":"ListItem","position":2,"name":"Contact"}]},{"@type":"WebSite","@id":"https:\/\/mantelzorgzaken.nl\/#website","url":"https:\/\/mantelzorgzaken.nl\/","name":"Mantelzorgzaken","description":"Mantelzorg zaken informeert en ontlast de mantelzorger om goede zorg in te regelen, door regeltaken tijdelijk over te nemen om zo overbelasting te voorkomen. #pgb-specialist #mantelzorgmakelaar #onafhankelijk cli\u00ebntondersteuner","potentialAction":[{"@type":"SearchAction","target":{"@type":"EntryPoint","urlTemplate":"https:\/\/mantelzorgzaken.nl\/?s={search_term_string}"},"query-input":{"@type":"PropertyValueSpecification","valueRequired":true,"valueName":"search_term_string"}}],"inLanguage":"nl-NL"}]}},"_links":{"self":[{"href":"https:\/\/mantelzorgzaken.nl\/index.php?rest_route=\/wp\/v2\/pages\/416","targetHints":{"allow":["GET"]}}],"collection":[{"href":"https:\/\/mantelzorgzaken.nl\/index.php?rest_route=\/wp\/v2\/pages"}],"about":[{"href":"https:\/\/mantelzorgzaken.nl\/index.php?rest_route=\/wp\/v2\/types\/page"}],"author":[{"embeddable":true,"href":"https:\/\/mantelzorgzaken.nl\/index.php?rest_route=\/wp\/v2\/users\/3"}],"replies":[{"embeddable":true,"href":"https:\/\/mantelzorgzaken.nl\/index.php?rest_route=%2Fwp%2Fv2%2Fcomments&post=416"}],"version-history":[{"count":5,"href":"https:\/\/mantelzorgzaken.nl\/index.php?rest_route=\/wp\/v2\/pages\/416\/revisions"}],"predecessor-version":[{"id":1135,"href":"https:\/\/mantelzorgzaken.nl\/index.php?rest_route=\/wp\/v2\/pages\/416\/revisions\/1135"}],"wp:attachment":[{"href":"https:\/\/mantelzorgzaken.nl\/index.php?rest_route=%2Fwp%2Fv2%2Fmedia&parent=416"}],"curies":[{"name":"wp","href":"https:\/\/api.w.org\/{rel}","templated":true}]}}